{"id":553,"date":"2023-10-22T10:51:45","date_gmt":"2023-10-22T08:51:45","guid":{"rendered":"http:\/\/charlyc.cluster028.hosting.ovh.net\/?page_id=553"},"modified":"2023-10-24T23:04:58","modified_gmt":"2023-10-24T21:04:58","slug":"reservation-activites","status":"publish","type":"page","link":"https:\/\/www.charlyjet.com\/index.php\/reservation-activites\/","title":{"rendered":"R\u00e9servation Activit\u00e9s"},"content":{"rendered":"\t\t<div data-elementor-type=\"wp-page\" data-elementor-id=\"553\" class=\"elementor elementor-553\" data-elementor-post-type=\"page\">\n\t\t\t\t\t\t\t<div class=\"elementor-element elementor-element-f75c2c1 e-con-full e-flex e-con e-parent\" data-id=\"f75c2c1\" data-element_type=\"container\" data-settings=\"{&quot;content_width&quot;:&quot;full&quot;,&quot;background_background&quot;:&quot;classic&quot;}\" data-core-v316-plus=\"true\">\n\t\t\t\t<div class=\"elementor-element elementor-element-17018a0 elementor-widget__width-initial exad-sticky-section-no exad-glass-effect-no elementor-widget elementor-widget-heading\" data-id=\"17018a0\" data-element_type=\"widget\" data-widget_type=\"heading.default\">\n\t\t\t\t<div class=\"elementor-widget-container\">\n\t\t\t<style>\/*! elementor - v3.16.0 - 17-10-2023 *\/\n.elementor-heading-title{padding:0;margin:0;line-height:1}.elementor-widget-heading .elementor-heading-title[class*=elementor-size-]>a{color:inherit;font-size:inherit;line-height:inherit}.elementor-widget-heading .elementor-heading-title.elementor-size-small{font-size:15px}.elementor-widget-heading .elementor-heading-title.elementor-size-medium{font-size:19px}.elementor-widget-heading .elementor-heading-title.elementor-size-large{font-size:29px}.elementor-widget-heading .elementor-heading-title.elementor-size-xl{font-size:39px}.elementor-widget-heading .elementor-heading-title.elementor-size-xxl{font-size:59px}<\/style><h2 class=\"elementor-heading-title elementor-size-default\">R\u00e9servation <\/h2>\t\t<\/div>\n\t\t\t\t<\/div>\n\t\t\t\t<div class=\"elementor-element elementor-element-ed8f55e elementor-widget__width-initial elementor-widget-mobile__width-initial exad-sticky-section-no exad-glass-effect-no elementor-widget elementor-widget-text-editor\" data-id=\"ed8f55e\" data-element_type=\"widget\" data-widget_type=\"text-editor.default\">\n\t\t\t\t<div class=\"elementor-widget-container\">\n\t\t\t<style>\/*! elementor - v3.16.0 - 17-10-2023 *\/\n.elementor-widget-text-editor.elementor-drop-cap-view-stacked .elementor-drop-cap{background-color:#69727d;color:#fff}.elementor-widget-text-editor.elementor-drop-cap-view-framed .elementor-drop-cap{color:#69727d;border:3px solid;background-color:transparent}.elementor-widget-text-editor:not(.elementor-drop-cap-view-default) .elementor-drop-cap{margin-top:8px}.elementor-widget-text-editor:not(.elementor-drop-cap-view-default) .elementor-drop-cap-letter{width:1em;height:1em}.elementor-widget-text-editor .elementor-drop-cap{float:left;text-align:center;line-height:1;font-size:50px}.elementor-widget-text-editor .elementor-drop-cap-letter{display:inline-block}<\/style>\t\t\t\t<p>&#8220;Pr\u00eat pour l&#8217;aventure de votre vie \u00e0 Deshaies, Guadeloupe ? Remplissez notre formulaire de r\u00e9servation rapide pour s\u00e9curiser votre place dans nos activit\u00e9s nautiques inoubliables, de la plong\u00e9e avec les tortues aux bou\u00e9es tract\u00e9es !&#8221;<\/p>\t\t\t\t\t\t<\/div>\n\t\t\t\t<\/div>\n\t\t\t\t<div class=\"elementor-element elementor-element-2675c09 elementor-align-center elementor-widget__width-initial exad-sticky-section-no exad-glass-effect-no elementor-widget elementor-widget-button\" data-id=\"2675c09\" data-element_type=\"widget\" data-widget_type=\"button.default\">\n\t\t\t\t<div class=\"elementor-widget-container\">\n\t\t\t\t\t<div class=\"elementor-button-wrapper\">\n\t\t\t<a class=\"elementor-button elementor-button-link elementor-size-md\" href=\"http:\/\/charlyc.cluster028.hosting.ovh.net\/index.php\/tarifs\/\">\n\t\t\t\t\t\t<span class=\"elementor-button-content-wrapper\">\n\t\t\t\t\t\t<span class=\"elementor-button-text\">VOIR NOS TARIF\u00a0<\/span>\n\t\t<\/span>\n\t\t\t\t\t<\/a>\n\t\t<\/div>\n\t\t\t\t<\/div>\n\t\t\t\t<\/div>\n\t\t\t\t<div class=\"elementor-element elementor-element-1058c0e elementor-widget__width-initial exad-sticky-section-no exad-glass-effect-no elementor-widget elementor-widget-jet-form-builder-form\" data-id=\"1058c0e\" data-element_type=\"widget\" data-widget_type=\"jet-form-builder-form.default\">\n\t\t\t\t<div class=\"elementor-widget-container\">\n\t\t\t<style id=\"jet-form-builder-551-inline-css\"><\/style><form  class=\"jet-form-builder layout-column submit-type-ajax\" action=\"https:\/\/www.charlyjet.com\/wp-json\/wp\/v2\/pages\/553\/?jet_form_builder_submit=submit&amp;method=reload\" method=\"POST\" data-form-id=\"551\" data-layout=\"column\" enctype=\"multipart\/form-data\" novalidate=\"\">\r\n<input type=\"hidden\" name=\"_jfb_current_render_states[]\" value=\"DEFAULT.STATE\" data-jfb-sync \/><input type=\"hidden\" class=\"jet-form-builder__field hidden-field\" name=\"_jet_engine_booking_form_id\" data-field-name=\"_jet_engine_booking_form_id\" value=\"551\">\r\n<input type=\"hidden\" class=\"jet-form-builder__field hidden-field\" name=\"_jet_engine_refer\" data-field-name=\"_jet_engine_refer\" value=\"https:\/\/www.charlyjet.com\/wp-json\/wp\/v2\/pages\/553\">\r\n<input type=\"hidden\" class=\"jet-form-builder__field hidden-field\" name=\"__queried_post_id\" data-field-name=\"__queried_post_id\" value=\"553\">\r\n\n<input type=\"hidden\" class=\"jet-form-builder__field hidden-field\" name=\"post_id\" data-field-name=\"post_id\" data-jfb-sync=\"\" value=\"553\">\r\n\n\n\n\n<p>Les champs suivis d'un <b style=\"font-size=15px;color:#FF0000\">*<\/b> sont obligatoires.<\/p>\n\n\n\n<div class=\"wp-block-columns is-layout-flex wp-container-core-columns-is-layout-9d6595d7 wp-block-columns-is-layout-flex\">\n<div class=\"wp-block-column is-layout-flow wp-block-column-is-layout-flow\"><div  class=\"jet-form-builder-row field-type-text-field\" >\n<div class=\"jet-form-builder__label\">\r\n<div class=\"jet-form-builder__label-text\">Pr\u00e9nom <span class=\"jet-form-builder__required\">*<\/span><\/div><\/div><div class=\"jet-form-builder__field-wrap\">\r\n\t<input placeholder=\"\u00c9crivez votre pr\u00e9nom (Obligatoire)\" required=\"required\" name=\"prenom\" id=\"prenom\" type=\"text\" data-field-name=\"prenom\" class=\"jet-form-builder__field text-field\" data-jfb-sync=\"\">\r\n<\/div>\n<\/div><\/div>\n\n\n\n<div class=\"wp-block-column is-layout-flow wp-block-column-is-layout-flow\"><div  class=\"jet-form-builder-row field-type-text-field\" >\n<div class=\"jet-form-builder__label\">\r\n<div class=\"jet-form-builder__label-text\">Nom <span class=\"jet-form-builder__required\">*<\/span><\/div><\/div><div class=\"jet-form-builder__field-wrap\">\r\n\t<input placeholder=\"\u00c9crivez votre nom (Obligatoire)\" required=\"required\" name=\"nom\" id=\"nom\" type=\"text\" data-field-name=\"nom\" class=\"jet-form-builder__field text-field\" data-jfb-sync=\"\">\r\n<\/div>\n<\/div><\/div>\n<\/div>\n\n\n\n<div class=\"wp-block-columns is-layout-flex wp-container-core-columns-is-layout-9d6595d7 wp-block-columns-is-layout-flex\">\n<div class=\"wp-block-column is-layout-flow wp-block-column-is-layout-flow\"><div  class=\"jet-form-builder-row field-type-text-field\" >\n<div class=\"jet-form-builder__label\">\r\n<div class=\"jet-form-builder__label-text\">Email <span class=\"jet-form-builder__required\">*<\/span><\/div><\/div><div class=\"jet-form-builder__field-wrap\">\r\n\t<input placeholder=\"\u00c9crivez votre email (Obligatoire)\" required=\"required\" name=\"email\" id=\"email\" type=\"email\" data-field-name=\"email\" class=\"jet-form-builder__field text-field\" data-jfb-sync=\"\">\r\n<\/div>\n<\/div>\n\n<div  class=\"jet-form-builder-row field-type-datetime-field\" >\n<div class=\"jet-form-builder__label\">\r\n<div class=\"jet-form-builder__label-text\">Horaire du rendez-vous <span class=\"jet-form-builder__required\">*<\/span><\/div><\/div><input class=\"jet-form-builder__field datetime-field\" required=\"required\" name=\"horaire_du_rendez_vous\" type=\"datetime-local\" data-field-name=\"horaire_du_rendez_vous\" id=\"horaire_du_rendez_vous\" data-jfb-sync=\"\">\n<\/div>\n\n<div  class=\"jet-form-builder-row field-type-checkbox-field\" >\n<div class=\"jet-form-builder__label\">\r\n<div class=\"jet-form-builder__label-text\">ACTIVIT\u00c9S<\/div><\/div><div class=\"jet-form-builder__fields-group checkradio-wrap\" data-jfb-sync><div class=\"jet-form-builder__field-wrap checkboxes-wrap checkradio-wrap\"><label class=\"jet-form-builder__field-label for-checkbox\">\r\n<input type=\"checkbox\" name=\"activites[]\" value=\"BOU\u00c9E TRACT\u00c9E\" data-field-name=\"activites\"  class=\"jet-form-builder__field checkboxes-field checkradio-field\"><span>BOU\u00c9E TRACT\u00c9E<\/span><\/label><\/div><div class=\"jet-form-builder__field-wrap checkboxes-wrap checkradio-wrap\"><label class=\"jet-form-builder__field-label for-checkbox\">\r\n<input type=\"checkbox\" name=\"activites[]\" value=\"HOVERBOARD\" data-field-name=\"activites\"  class=\"jet-form-builder__field checkboxes-field checkradio-field\"><span>HOVERBOARD<\/span><\/label><\/div><div class=\"jet-form-builder__field-wrap checkboxes-wrap checkradio-wrap\"><label class=\"jet-form-builder__field-label for-checkbox\">\r\n<input type=\"checkbox\" name=\"activites[]\" value=\"FLYBOARD\" data-field-name=\"activites\"  class=\"jet-form-builder__field checkboxes-field checkradio-field\"><span>FLYBOARD<\/span><\/label><\/div><div class=\"jet-form-builder__field-wrap checkboxes-wrap checkradio-wrap\"><label class=\"jet-form-builder__field-label for-checkbox\">\r\n<input type=\"checkbox\" name=\"activites[]\" value=\"JETPACK\" data-field-name=\"activites\"  class=\"jet-form-builder__field checkboxes-field checkradio-field\"><span>JETPACK<\/span><\/label><\/div><div class=\"jet-form-builder__field-wrap checkboxes-wrap checkradio-wrap\"><label class=\"jet-form-builder__field-label for-checkbox\">\r\n<input type=\"checkbox\" name=\"activites[]\" value=\"BAPT\u00caME\" data-field-name=\"activites\"  class=\"jet-form-builder__field checkboxes-field checkradio-field\"><span>BAPT\u00caME<\/span><\/label><\/div><div class=\"jet-form-builder__field-wrap checkboxes-wrap checkradio-wrap\"><label class=\"jet-form-builder__field-label for-checkbox\">\r\n<input type=\"checkbox\" name=\"activites[]\" value=\"INITIATION\" data-field-name=\"activites\"  class=\"jet-form-builder__field checkboxes-field checkradio-field\"><span>INITIATION<\/span><\/label><\/div><div class=\"jet-form-builder__field-wrap checkboxes-wrap checkradio-wrap\"><label class=\"jet-form-builder__field-label for-checkbox\">\r\n<input type=\"checkbox\" name=\"activites[]\" value=\"RANDONN\u00c9E\" data-field-name=\"activites\"  class=\"jet-form-builder__field checkboxes-field checkradio-field\"><span>RANDONN\u00c9E<\/span><\/label><\/div><div class=\"jet-form-builder__field-wrap checkboxes-wrap checkradio-wrap\"><label class=\"jet-form-builder__field-label for-checkbox\">\r\n<input type=\"checkbox\" name=\"activites[]\" value=\"PARCOURS\" data-field-name=\"activites\"  class=\"jet-form-builder__field checkboxes-field checkradio-field\"><span>PARCOURS <\/span><\/label><\/div><div class=\"jet-form-builder__field-wrap checkboxes-wrap checkradio-wrap\"><label class=\"jet-form-builder__field-label for-checkbox\">\r\n<input type=\"checkbox\" name=\"activites[]\" value=\"LOCATION\" data-field-name=\"activites\"  class=\"jet-form-builder__field checkboxes-field checkradio-field\"><span>LOCATION<\/span><\/label><\/div><\/div>\n<\/div><\/div>\n\n\n\n<div class=\"wp-block-column is-layout-flow wp-block-column-is-layout-flow\"><div  class=\"jet-form-builder-row field-type-text-field\" >\n<div class=\"jet-form-builder__label\">\r\n<div class=\"jet-form-builder__label-text\">T\u00e9l\u00e9phone <span class=\"jet-form-builder__required\">*<\/span><\/div><\/div><div class=\"jet-form-builder__field-wrap\">\r\n\t<input placeholder=\"Votre num\u00e9ro de t\u00e9l\u00e9phone (Obligatoire)\" required=\"required\" name=\"telephone\" id=\"telephone\" type=\"tel\" data-field-name=\"telephone\" class=\"jet-form-builder__field text-field\" data-jfb-sync=\"\">\r\n<\/div>\n<\/div><\/div>\n<\/div>\n\n\n\n<div class=\"wp-block-columns is-layout-flex wp-container-core-columns-is-layout-9d6595d7 wp-block-columns-is-layout-flex\">\n<div class=\"wp-block-column is-layout-flow wp-block-column-is-layout-flow\">\n<div class=\"wp-block-columns is-layout-flex wp-container-core-columns-is-layout-9d6595d7 wp-block-columns-is-layout-flex\">\n<div class=\"wp-block-column is-layout-flow wp-block-column-is-layout-flow\"><div  class=\"jet-form-builder-row field-type-wysiwyg-field\" >\n<div class=\"jet-form-builder__label\">\r\n<div class=\"jet-form-builder__label-text\">MESSAGE<\/div><\/div><div class=\"jet-form-builder__field-wrap\">\r\n\t<div class=\"jet-form-builder__field wysiwyg-field\" data-editor=\"{&quot;textarea_name&quot;:&quot;message&quot;,&quot;media_buttons&quot;:false,&quot;textarea_rows&quot;:8,&quot;quicktags&quot;:false,&quot;tinymce&quot;:{&quot;plugins&quot;:&quot;lists,paste,tabfocus,wplink,wordpress&quot;,&quot;paste_as_text&quot;:true,&quot;paste_auto_cleanup_on_paste&quot;:true,&quot;paste_remove_spans&quot;:true,&quot;paste_remove_styles&quot;:true,&quot;paste_remove_styles_if_webkit&quot;:true,&quot;paste_strip_class_attributes&quot;:true,&quot;toolbar1&quot;:&quot;formatselect,|,bold,italic,strikethrough,blockquote,|,bullist,numlist,|,alignleft,aligncenter,alignright,|,link,unlink,|,undo,redo&quot;,&quot;toolbar2&quot;:&quot;&quot;,&quot;toolbar3&quot;:&quot;&quot;,&quot;toolbar4&quot;:&quot;&quot;}}\" data-report-type=\"html_message\" data-jfb-messages=\"{&quot;required&quot;:&quot;This field is required&quot;}\" data-jfb-sync=\"\">\r\n\t\t<div id=\"wp-wp_editor_message-wrap\" class=\"wp-core-ui wp-editor-wrap tmce-active\"><link rel='stylesheet' id='dashicons-css' href='https:\/\/www.charlyjet.com\/wp-includes\/css\/dashicons.min.css?ver=6.9.4' media='all' \/>\n<link rel='stylesheet' id='editor-buttons-css' href='https:\/\/www.charlyjet.com\/wp-includes\/css\/editor.min.css?ver=6.9.4' media='all' \/>\n<div id=\"wp-wp_editor_message-editor-container\" class=\"wp-editor-container\"><textarea class=\"wp-editor-area\" rows=\"8\" autocomplete=\"off\" cols=\"40\" name=\"message\" id=\"wp_editor_message\"><\/textarea><\/div>\n<\/div>\n\n\t<\/div>\r\n<\/div>\n<\/div><\/div>\n<\/div>\n<\/div>\n<\/div>\n\n\n<div  class=\"jet-form-builder-row field-type-media-field\" >\n<template class=\"jet-form-builder__preview-template\"><div class=\"jet-form-builder-file-upload__file\" data-file=\"%file_url%\">\r\n\t<!-- preview -->\r\n\t<!-- field -->\r\n\t<div class=\"jet-form-builder-file-upload__file-remove\" data-file-name=\"%file_name%\">\r\n\t\t<svg width=\"22\" height=\"22\" viewBox=\"0 0 14 15\" fill=\"none\" xmlns=\"http:\/\/www.w3.org\/2000\/svg\">\r\n\t\t\t<path d=\"M4.375 7H6.125V12.25H4.375V7ZM7.875 7H9.625V12.25H7.875V7ZM10.5 1.75C10.5 1.51302 10.4134 1.30794 10.2402 1.13477C10.0762 0.961589 9.87109 0.875 9.625 0.875H4.375C4.12891 0.875 3.91927 0.961589 3.74609 1.13477C3.58203 1.30794 3.5 1.51302 3.5 1.75V3.5H0V5.25H0.875V14C0.875 14.237 0.957031 14.4421 1.12109 14.6152C1.29427 14.7884 1.50391 14.875 1.75 14.875H12.25C12.4961 14.875 12.7012 14.7884 12.8652 14.6152C13.0384 14.4421 13.125 14.237 13.125 14V5.25H14V3.5H10.5V1.75ZM5.25 2.625H8.75V3.5H5.25V2.625ZM11.375 5.25V13.125H2.625V5.25H11.375Z\"><\/path>\r\n\t\t<\/svg>\r\n\t<\/div>\r\n\t<span\r\n\t\t\tclass=\"jet-form-builder-file-upload__file-invalid-marker\"\r\n\t\t\tstyle=\"display: none\">\r\n\t\t<svg xmlns=\"http:\/\/www.w3.org\/2000\/svg\" viewBox=\"0 0 20 20\" fill=\"currentcolor\" width=\"24\" height=\"24\" aria-hidden=\"true\" focusable=\"false\"><path d=\"M10 2c4.42 0 8 3.58 8 8s-3.58 8-8 8-8-3.58-8-8 3.58-8 8-8zm1.13 9.38l.35-6.46H8.52l.35 6.46h2.26zm-.09 3.36c.24-.23.37-.55.37-.96 0-.42-.12-.74-.36-.97s-.59-.35-1.06-.35-.82.12-1.07.35-.37.55-.37.97c0 .41.13.73.38.96.26.23.61.34 1.06.34s.8-.11 1.05-.34z\"><\/path><\/svg>\r\n\t<\/span>\r\n\t<!-- footer -->\r\n<\/div>\r\n<\/template><div class=\"jet-form-builder__field-wrap jet-form-builder-file-upload\">\r\n\t<div class=\"jet-form-builder-file-upload__content\">\r\n\t\t<div class=\"jet-form-builder-file-upload__loader\"><svg xmlns=\"http:\/\/www.w3.org\/2000\/svg\" width=\"38\" height=\"38\" viewBox=\"0 0 38 38\" stroke=\"#fff\"><g fill=\"none\" fill-rule=\"evenodd\"><g transform=\"translate(1 1)\" stroke-width=\"2\"><circle stroke-opacity=\".5\" cx=\"18\" cy=\"18\" r=\"18\"\/><path d=\"M36 18c0-9.94-8.06-18-18-18\" transform=\"rotate(137.826 18 18)\"><animateTransform attributeName=\"transform\" type=\"rotate\" from=\"0 18 18\" to=\"360 18 18\" dur=\"1s\" repeatCount=\"indefinite\"\/><\/path><\/g><\/g><\/svg><\/div>\t\t<div class=\"jet-form-builder-file-upload__files\" data-args=\"{&quot;max_files&quot;:1,&quot;max_size&quot;:134217728}\">\r\n\t\t\t\t\t<\/div>\r\n\t<\/div>\r\n\t<div class=\"jet-form-builder-file-upload__fields\">\r\n\t\t<input class=\"jet-form-builder__field file-field jet-form-builder-file-upload__input\" name=\"ajouter_un_fichier\" data-field-name=\"ajouter_un_fichier\" type=\"file\" data-form_id=\"551\" id=\"ajouter_un_fichier\" data-jfb-sync=\"\" data-max_size=\"134217728\">\r\n\t<\/div>\r\n\t<div class=\"jet-form-builder-file-upload__message\"><small>Maximum file size: 128 Mo<\/small><\/div>\r\n\t<div class=\"jet-form-builder-file-upload__errors is-hidden\"><\/div>\r\n<\/div><div class=\"jet-form-builder__desc\"><small>Copie permis (facultatif)<\/small><\/div>\n<\/div>\n\n\n<input type=\"hidden\" class=\"captcha-token\" name=\"_captcha_token\" value=\"\"\/>\n\n\n<div  class=\"jet-form-builder-row field-type-submit-field\" >\n\t<div data-type=\"submit\" class=\"jet-form-builder__action-button-wrapper jet-form-builder__submit-wrap\">\r\n\t<button class=\"jet-form-builder__action-button jet-form-builder__submit submit-type-ajax\" type=\"submit\">Envoyer<\/button>\r\n\t<\/div>\r\n\t\n<\/div>\t<div class=\"jet-form-builder-messages-wrap\" data-form-id=\"551\"><\/div>\r\n<\/form>\r\n\t\t<\/div>\n\t\t\t\t<\/div>\n\t\t\t\t<\/div>\n\t\t\t\t\t\t\t<\/div>\n\t\t","protected":false},"excerpt":{"rendered":"<p>R\u00e9servation &#8220;Pr\u00eat pour l&#8217;aventure de votre vie \u00e0 Deshaies, Guadeloupe ? Remplissez notre formulaire de r\u00e9servation rapide pour s\u00e9curiser votre place dans nos activit\u00e9s nautiques inoubliables, de la plong\u00e9e avec les tortues aux bou\u00e9es tract\u00e9es !&#8221; VOIR NOS TARIF\u00a0 Les champs suivis d&#8217;un * sont obligatoires. Pr\u00e9nom * Nom * Email * Horaire du rendez-vous [&hellip;]<\/p>\n","protected":false},"author":1,"featured_media":0,"parent":0,"menu_order":0,"comment_status":"closed","ping_status":"closed","template":"","meta":{"footnotes":""},"class_list":["post-553","page","type-page","status-publish","hentry","entry"],"yoast_head":"<!-- This site is optimized with the Yoast SEO plugin v21.4 - https:\/\/yoast.com\/wordpress\/plugins\/seo\/ -->\n<title>R\u00e9servation Activit\u00e9s - CHARLY JET<\/title>\n<meta name=\"robots\" content=\"index, follow, max-snippet:-1, max-image-preview:large, max-video-preview:-1\" \/>\n<link rel=\"canonical\" href=\"https:\/\/www.charlyjet.com\/index.php\/reservation-activites\/\" \/>\n<meta property=\"og:locale\" content=\"fr_FR\" \/>\n<meta property=\"og:type\" content=\"article\" \/>\n<meta property=\"og:title\" content=\"R\u00e9servation Activit\u00e9s - CHARLY JET\" \/>\n<meta property=\"og:description\" content=\"R\u00e9servation &#8220;Pr\u00eat pour l&#8217;aventure de votre vie \u00e0 Deshaies, Guadeloupe ? Remplissez notre formulaire de r\u00e9servation rapide pour s\u00e9curiser votre place dans nos activit\u00e9s nautiques inoubliables, de la plong\u00e9e avec les tortues aux bou\u00e9es tract\u00e9es !&#8221; VOIR NOS TARIF\u00a0 Les champs suivis d&#8217;un * sont obligatoires. Pr\u00e9nom * Nom * Email * Horaire du rendez-vous [&hellip;]\" \/>\n<meta property=\"og:url\" content=\"https:\/\/www.charlyjet.com\/index.php\/reservation-activites\/\" \/>\n<meta property=\"og:site_name\" content=\"CHARLY JET\" \/>\n<meta property=\"article:publisher\" content=\"https:\/\/www.facebook.com\/charly.jet.7\" \/>\n<meta property=\"article:modified_time\" content=\"2023-10-24T21:04:58+00:00\" \/>\n<meta name=\"twitter:card\" content=\"summary_large_image\" \/>\n<script type=\"application\/ld+json\" class=\"yoast-schema-graph\">{\"@context\":\"https:\/\/schema.org\",\"@graph\":[{\"@type\":\"WebPage\",\"@id\":\"https:\/\/www.charlyjet.com\/index.php\/reservation-activites\/\",\"url\":\"https:\/\/www.charlyjet.com\/index.php\/reservation-activites\/\",\"name\":\"R\u00e9servation Activit\u00e9s - CHARLY JET\",\"isPartOf\":{\"@id\":\"https:\/\/www.charlyjet.com\/#website\"},\"datePublished\":\"2023-10-22T08:51:45+00:00\",\"dateModified\":\"2023-10-24T21:04:58+00:00\",\"breadcrumb\":{\"@id\":\"https:\/\/www.charlyjet.com\/index.php\/reservation-activites\/#breadcrumb\"},\"inLanguage\":\"fr-FR\",\"potentialAction\":[{\"@type\":\"ReadAction\",\"target\":[\"https:\/\/www.charlyjet.com\/index.php\/reservation-activites\/\"]}]},{\"@type\":\"BreadcrumbList\",\"@id\":\"https:\/\/www.charlyjet.com\/index.php\/reservation-activites\/#breadcrumb\",\"itemListElement\":[{\"@type\":\"ListItem\",\"position\":1,\"name\":\"Accueil\",\"item\":\"https:\/\/www.charlyjet.com\/\"},{\"@type\":\"ListItem\",\"position\":2,\"name\":\"R\u00e9servation Activit\u00e9s\"}]},{\"@type\":\"WebSite\",\"@id\":\"https:\/\/www.charlyjet.com\/#website\",\"url\":\"https:\/\/www.charlyjet.com\/\",\"name\":\"CHARLY JET\",\"description\":\"Plongez dans l&#039;aventure avec Charly Jet\",\"publisher\":{\"@id\":\"https:\/\/www.charlyjet.com\/#organization\"},\"potentialAction\":[{\"@type\":\"SearchAction\",\"target\":{\"@type\":\"EntryPoint\",\"urlTemplate\":\"https:\/\/www.charlyjet.com\/?s={search_term_string}\"},\"query-input\":\"required name=search_term_string\"}],\"inLanguage\":\"fr-FR\"},{\"@type\":\"Organization\",\"@id\":\"https:\/\/www.charlyjet.com\/#organization\",\"name\":\"CHARLY JET\",\"url\":\"https:\/\/www.charlyjet.com\/\",\"logo\":{\"@type\":\"ImageObject\",\"inLanguage\":\"fr-FR\",\"@id\":\"https:\/\/www.charlyjet.com\/#\/schema\/logo\/image\/\",\"url\":\"https:\/\/www.charlyjet.com\/wp-content\/uploads\/2023\/10\/logo_transparent.png\",\"contentUrl\":\"https:\/\/www.charlyjet.com\/wp-content\/uploads\/2023\/10\/logo_transparent.png\",\"width\":1920,\"height\":1080,\"caption\":\"CHARLY JET\"},\"image\":{\"@id\":\"https:\/\/www.charlyjet.com\/#\/schema\/logo\/image\/\"},\"sameAs\":[\"https:\/\/www.facebook.com\/charly.jet.7\",\"https:\/\/www.youtube.com\/@charlyjetbasenautique5323\",\"https:\/\/www.instagram.com\/charlyjet\/?utm_source=qr&igshid=OGU0MmVlOWVjOQ\",\"https:\/\/www.snapchat.com\/add\/charlyjet20?share_id=j7kOpxVU9PA&locale=fr-FR\"]}]}<\/script>\n<!-- \/ Yoast SEO plugin. -->","yoast_head_json":{"title":"R\u00e9servation Activit\u00e9s - CHARLY JET","robots":{"index":"index","follow":"follow","max-snippet":"max-snippet:-1","max-image-preview":"max-image-preview:large","max-video-preview":"max-video-preview:-1"},"canonical":"https:\/\/www.charlyjet.com\/index.php\/reservation-activites\/","og_locale":"fr_FR","og_type":"article","og_title":"R\u00e9servation Activit\u00e9s - CHARLY JET","og_description":"R\u00e9servation &#8220;Pr\u00eat pour l&#8217;aventure de votre vie \u00e0 Deshaies, Guadeloupe ? Remplissez notre formulaire de r\u00e9servation rapide pour s\u00e9curiser votre place dans nos activit\u00e9s nautiques inoubliables, de la plong\u00e9e avec les tortues aux bou\u00e9es tract\u00e9es !&#8221; VOIR NOS TARIF\u00a0 Les champs suivis d&#8217;un * sont obligatoires. Pr\u00e9nom * Nom * Email * Horaire du rendez-vous [&hellip;]","og_url":"https:\/\/www.charlyjet.com\/index.php\/reservation-activites\/","og_site_name":"CHARLY JET","article_publisher":"https:\/\/www.facebook.com\/charly.jet.7","article_modified_time":"2023-10-24T21:04:58+00:00","twitter_card":"summary_large_image","schema":{"@context":"https:\/\/schema.org","@graph":[{"@type":"WebPage","@id":"https:\/\/www.charlyjet.com\/index.php\/reservation-activites\/","url":"https:\/\/www.charlyjet.com\/index.php\/reservation-activites\/","name":"R\u00e9servation Activit\u00e9s - CHARLY JET","isPartOf":{"@id":"https:\/\/www.charlyjet.com\/#website"},"datePublished":"2023-10-22T08:51:45+00:00","dateModified":"2023-10-24T21:04:58+00:00","breadcrumb":{"@id":"https:\/\/www.charlyjet.com\/index.php\/reservation-activites\/#breadcrumb"},"inLanguage":"fr-FR","potentialAction":[{"@type":"ReadAction","target":["https:\/\/www.charlyjet.com\/index.php\/reservation-activites\/"]}]},{"@type":"BreadcrumbList","@id":"https:\/\/www.charlyjet.com\/index.php\/reservation-activites\/#breadcrumb","itemListElement":[{"@type":"ListItem","position":1,"name":"Accueil","item":"https:\/\/www.charlyjet.com\/"},{"@type":"ListItem","position":2,"name":"R\u00e9servation Activit\u00e9s"}]},{"@type":"WebSite","@id":"https:\/\/www.charlyjet.com\/#website","url":"https:\/\/www.charlyjet.com\/","name":"CHARLY JET","description":"Plongez dans l&#039;aventure avec Charly Jet","publisher":{"@id":"https:\/\/www.charlyjet.com\/#organization"},"potentialAction":[{"@type":"SearchAction","target":{"@type":"EntryPoint","urlTemplate":"https:\/\/www.charlyjet.com\/?s={search_term_string}"},"query-input":"required name=search_term_string"}],"inLanguage":"fr-FR"},{"@type":"Organization","@id":"https:\/\/www.charlyjet.com\/#organization","name":"CHARLY JET","url":"https:\/\/www.charlyjet.com\/","logo":{"@type":"ImageObject","inLanguage":"fr-FR","@id":"https:\/\/www.charlyjet.com\/#\/schema\/logo\/image\/","url":"https:\/\/www.charlyjet.com\/wp-content\/uploads\/2023\/10\/logo_transparent.png","contentUrl":"https:\/\/www.charlyjet.com\/wp-content\/uploads\/2023\/10\/logo_transparent.png","width":1920,"height":1080,"caption":"CHARLY JET"},"image":{"@id":"https:\/\/www.charlyjet.com\/#\/schema\/logo\/image\/"},"sameAs":["https:\/\/www.facebook.com\/charly.jet.7","https:\/\/www.youtube.com\/@charlyjetbasenautique5323","https:\/\/www.instagram.com\/charlyjet\/?utm_source=qr&igshid=OGU0MmVlOWVjOQ","https:\/\/www.snapchat.com\/add\/charlyjet20?share_id=j7kOpxVU9PA&locale=fr-FR"]}]}},"_links":{"self":[{"href":"https:\/\/www.charlyjet.com\/index.php\/wp-json\/wp\/v2\/pages\/553","targetHints":{"allow":["GET"]}}],"collection":[{"href":"https:\/\/www.charlyjet.com\/index.php\/wp-json\/wp\/v2\/pages"}],"about":[{"href":"https:\/\/www.charlyjet.com\/index.php\/wp-json\/wp\/v2\/types\/page"}],"author":[{"embeddable":true,"href":"https:\/\/www.charlyjet.com\/index.php\/wp-json\/wp\/v2\/users\/1"}],"replies":[{"embeddable":true,"href":"https:\/\/www.charlyjet.com\/index.php\/wp-json\/wp\/v2\/comments?post=553"}],"version-history":[{"count":67,"href":"https:\/\/www.charlyjet.com\/index.php\/wp-json\/wp\/v2\/pages\/553\/revisions"}],"predecessor-version":[{"id":745,"href":"https:\/\/www.charlyjet.com\/index.php\/wp-json\/wp\/v2\/pages\/553\/revisions\/745"}],"wp:attachment":[{"href":"https:\/\/www.charlyjet.com\/index.php\/wp-json\/wp\/v2\/media?parent=553"}],"curies":[{"name":"wp","href":"https:\/\/api.w.org\/{rel}","templated":true}]}}